{"id":2518,"date":"2021-01-10T17:53:26","date_gmt":"2021-01-10T17:53:26","guid":{"rendered":"http:\/\/wp.popularmusikforschung.de\/?page_id=2518"},"modified":"2025-09-01T07:56:02","modified_gmt":"2025-09-01T07:56:02","slug":"mitglied-werden","status":"publish","type":"page","link":"http:\/\/wp.popularmusikforschung.de\/?page_id=2518","title":{"rendered":"Mit\u00adglied werden"},"content":{"rendered":"\t\t<div data-elementor-type=\"wp-page\" data-elementor-id=\"2518\" class=\"elementor elementor-2518\">\n\t\t\t\t\t\t<section class=\"elementor-section elementor-top-section elementor-element elementor-element-55a2f8a6 elementor-section-full_width elementor-section-height-min-height elementor-section-content-top elementor-section-stretched elementor-section-height-default elementor-section-items-middle\" data-id=\"55a2f8a6\" data-element_type=\"section\" data-e-type=\"section\" data-settings=\"{&quot;stretch_section&quot;:&quot;section-stretched&quot;,&quot;background_background&quot;:&quot;slideshow&quot;,&quot;background_slideshow_gallery&quot;:[{&quot;id&quot;:5306,&quot;url&quot;:&quot;http:\\\/\\\/wp.popularmusikforschung.de\\\/wp-content\\\/uploads\\\/2021\\\/10\\\/gfpm_header_struktur_1950x800.jpg&quot;}],&quot;background_slideshow_transition_duration&quot;:850,&quot;background_slideshow_loop&quot;:&quot;yes&quot;,&quot;background_slideshow_slide_duration&quot;:5000,&quot;background_slideshow_slide_transition&quot;:&quot;fade&quot;}\">\n\t\t\t\t\t\t\t<div class=\"elementor-background-overlay\"><\/div>\n\t\t\t\t\t\t\t<div class=\"elementor-container elementor-column-gap-default\">\n\t\t\t\t\t<div class=\"elementor-column elementor-col-100 elementor-top-column elementor-element elementor-element-5b38c554\" data-id=\"5b38c554\" data-element_type=\"column\" data-e-type=\"column\" data-settings=\"{&quot;background_background&quot;:&quot;classic&quot;,&quot;animation&quot;:&quot;none&quot;}\">\n\t\t\t<div class=\"elementor-widget-wrap elementor-element-populated\">\n\t\t\t\t\t\t<div class=\"elementor-element elementor-element-76940c15 animated-fast elementor-invisible elementor-widget elementor-widget-text-editor\" data-id=\"76940c15\" data-element_type=\"widget\" data-e-type=\"widget\" data-settings=\"{&quot;_animation&quot;:&quot;fadeIn&quot;,&quot;_animation_delay&quot;:0}\" data-widget_type=\"text-editor.default\">\n\t\t\t\t<div class=\"elementor-widget-container\">\n\t\t\t\t\t\t\t\t\t<h1 style=\"text-align: center; margin-bottom: 0px\"><span style=\"color: #ffffff;\">STRUKTUR<\/span><\/h1>\t\t\t\t\t\t\t\t<\/div>\n\t\t\t\t<\/div>\n\t\t\t\t\t<\/div>\n\t\t<\/div>\n\t\t\t\t\t<\/div>\n\t\t<\/section>\n\t\t\t\t<section class=\"elementor-section elementor-top-section elementor-element elementor-element-49698f2 elementor-section-stretched elementor-section-boxed elementor-section-height-default elementor-section-height-default\" data-id=\"49698f2\" data-element_type=\"section\" data-e-type=\"section\" data-settings=\"{&quot;stretch_section&quot;:&quot;section-stretched&quot;,&quot;background_background&quot;:&quot;classic&quot;}\">\n\t\t\t\t\t\t<div class=\"elementor-container elementor-column-gap-default\">\n\t\t\t\t\t<div class=\"elementor-column elementor-col-100 elementor-top-column elementor-element elementor-element-d26d65d\" data-id=\"d26d65d\" data-element_type=\"column\" data-e-type=\"column\">\n\t\t\t<div class=\"elementor-widget-wrap elementor-element-populated\">\n\t\t\t\t\t\t<div class=\"elementor-element elementor-element-5c23d4e elementor-widget elementor-widget-heading\" data-id=\"5c23d4e\" data-element_type=\"widget\" data-e-type=\"widget\" data-widget_type=\"heading.default\">\n\t\t\t\t<div class=\"elementor-widget-container\">\n\t\t\t\t\t<h2 class=\"elementor-heading-title elementor-size-default\">Mit\u00adglied werden<\/h2>\t\t\t\t<\/div>\n\t\t\t\t<\/div>\n\t\t\t\t\t<\/div>\n\t\t<\/div>\n\t\t\t\t\t<\/div>\n\t\t<\/section>\n\t\t\t\t<section class=\"elementor-section elementor-top-section elementor-element elementor-element-38114fb elementor-section-stretched elementor-section-boxed elementor-section-height-default elementor-section-height-default\" data-id=\"38114fb\" data-element_type=\"section\" data-e-type=\"section\" data-settings=\"{&quot;stretch_section&quot;:&quot;section-stretched&quot;,&quot;background_background&quot;:&quot;classic&quot;}\">\n\t\t\t\t\t\t\t<div class=\"elementor-background-overlay\"><\/div>\n\t\t\t\t\t\t\t<div class=\"elementor-container elementor-column-gap-default\">\n\t\t\t\t\t<div class=\"elementor-column elementor-col-100 elementor-top-column elementor-element elementor-element-48c0b289\" data-id=\"48c0b289\" data-element_type=\"column\" data-e-type=\"column\">\n\t\t\t<div class=\"elementor-widget-wrap elementor-element-populated\">\n\t\t\t\t\t\t<div class=\"elementor-element elementor-element-29dbf220 elementor-widget elementor-widget-text-editor\" data-id=\"29dbf220\" data-element_type=\"widget\" data-e-type=\"widget\" data-widget_type=\"text-editor.default\">\n\t\t\t\t<div class=\"elementor-widget-container\">\n\t\t\t\t\t\t\t\t\t<div>\n<div>\n<p>Unseren Mit\u00adglie\u00addern bieten wir im GFPM-Netz\u00adwerk zahl\u00adreiche Ser\u00advices an.<br> In unserem News\u00adletter werden aktu\u00adelle Aus\u00adschrei\u00adbungen,<br> Stel\u00adlen\u00adan\u00adge\u00adbote oder Calls f\u00fcr natio\u00adnale und inter\u00adna\u00adtio\u00adnale Tagungen<br> oder Publi\u00adka\u00adti\u00adons\u00adpro\u00adjekte kom\u00admu\u00adni\u00adziert.<br> Ebenso infor\u00admieren wir regel\u00adm\u00e4\u00dfig \u00fcber Neu\u00aderschei\u00adnungen.<br> Mit\u00adglieder der GFPM erhalten die jeweils aktu\u00adelle Aus\u00adgabe der<br> <a href=\"http:\/\/wp.popularmusikforschung.de\/?page_id=2815\"><em>Bei\u00adtr\u00e4ge zur Popular\u00admusik\u00adforschung<\/em><\/a>.<br> Unsere Mit\u00adglieder erm\u00f6g\u00adli\u00adchen mit ihrer Mit\u00adglied\u00adschaft nicht nur diese wich\u00adtige<br> Netz\u00adwerk\u00adar\u00adbeit, son\u00addern au\u00dferdem unseren Early Career-Forscher*innen<br> eine F\u00f6r\u00adde\u00adrung durch die&nbsp;GFPM.<\/p>\n<\/div>\n<\/div>\t\t\t\t\t\t\t\t<\/div>\n\t\t\t\t<\/div>\n\t\t\t\t\t<\/div>\n\t\t<\/div>\n\t\t\t\t\t<\/div>\n\t\t<\/section>\n\t\t\t\t<section class=\"elementor-section elementor-top-section elementor-element elementor-element-5053aaaf elementor-section-stretched elementor-section-boxed elementor-section-height-default elementor-section-height-default\" data-id=\"5053aaaf\" data-element_type=\"section\" data-e-type=\"section\" data-settings=\"{&quot;stretch_section&quot;:&quot;section-stretched&quot;,&quot;background_background&quot;:&quot;classic&quot;}\">\n\t\t\t\t\t\t<div class=\"elementor-container elementor-column-gap-default\">\n\t\t\t\t\t<div class=\"elementor-column elementor-col-100 elementor-top-column elementor-element elementor-element-573b22ba\" data-id=\"573b22ba\" data-element_type=\"column\" data-e-type=\"column\" data-settings=\"{&quot;background_background&quot;:&quot;classic&quot;}\">\n\t\t\t<div class=\"elementor-widget-wrap elementor-element-populated\">\n\t\t\t\t\t\t<section class=\"elementor-section elementor-inner-section elementor-element elementor-element-fb23d5f elementor-section-boxed elementor-section-height-default elementor-section-height-default\" data-id=\"fb23d5f\" data-element_type=\"section\" data-e-type=\"section\" data-settings=\"{&quot;background_background&quot;:&quot;classic&quot;}\">\n\t\t\t\t\t\t<div class=\"elementor-container elementor-column-gap-default\">\n\t\t\t\t\t<div class=\"elementor-column elementor-col-50 elementor-inner-column elementor-element elementor-element-35a979c7\" data-id=\"35a979c7\" data-element_type=\"column\" data-e-type=\"column\">\n\t\t\t<div class=\"elementor-widget-wrap elementor-element-populated\">\n\t\t\t\t\t\t<div class=\"elementor-element elementor-element-2787050b elementor-widget elementor-widget-image\" data-id=\"2787050b\" data-element_type=\"widget\" data-e-type=\"widget\" data-widget_type=\"image.default\">\n\t\t\t\t<div class=\"elementor-widget-container\">\n\t\t\t\t\t\t\t\t\t\t\t\t\t\t\t<img decoding=\"async\" width=\"88\" height=\"101\" src=\"http:\/\/wp.popularmusikforschung.de\/wp-content\/uploads\/2021\/10\/mitgliedschaft_puzzel-1-e1634571119454.png\" class=\"attachment-large size-large wp-image-5041\" alt>\t\t\t\t\t\t\t\t\t\t\t\t\t\t\t<\/div>\n\t\t\t\t<\/div>\n\t\t\t\t\t<\/div>\n\t\t<\/div>\n\t\t\t\t<div class=\"elementor-column elementor-col-50 elementor-inner-column elementor-element elementor-element-4d51509e\" data-id=\"4d51509e\" data-element_type=\"column\" data-e-type=\"column\">\n\t\t\t<div class=\"elementor-widget-wrap elementor-element-populated\">\n\t\t\t\t\t\t<div class=\"elementor-element elementor-element-5e162ff7 elementor-widget elementor-widget-text-editor\" data-id=\"5e162ff7\" data-element_type=\"widget\" data-e-type=\"widget\" data-widget_type=\"text-editor.default\">\n\t\t\t\t<div class=\"elementor-widget-container\">\n\t\t\t\t\t\t\t\t\t<p>Die Mit\u00adglied\u00adschaft kostet pro Jahr:<br>\u20ac 60,- f\u00fcr Ein\u00adzel\u00admit\u00adglieder<br>\u20ac 30,- f\u00fcr Studierende\/Auszubildende<br>\u20ac 80,- f\u00fcr Institutionen<\/p><p><a href=\"http:\/\/wp.popularmusikforschung.de\/wp-content\/uploads\/2025\/09\/GFPM_Beitrittserklaerung_2025.pdf\" target=\"_blank\" rel=\"noopener\">Bei\u00adtritts\u00ader\u00adkl\u00e4\u00adrung [PDF]<\/a><\/p><p><script id=\"hiro-wallet-provider\" src=\"moz-extension:\/\/0b3a39b8-b077-4260-8a0a-0c814ec53124\/inpage.js\"><\/script><\/p><p><script id=\"hiro-wallet-provider\" src=\"moz-extension:\/\/0b3a39b8-b077-4260-8a0a-0c814ec53124\/inpage.js\"><\/script><\/p>\t\t\t\t\t\t\t\t<\/div>\n\t\t\t\t<\/div>\n\t\t\t\t\t<\/div>\n\t\t<\/div>\n\t\t\t\t\t<\/div>\n\t\t<\/section>\n\t\t\t\t\t<\/div>\n\t\t<\/div>\n\t\t\t\t\t<\/div>\n\t\t<\/section>\n\t\t\t\t<\/div>\n\t\t","protected":false},"excerpt":{"rendered":"<p>STRUKTUR Mit\u00adglied werden Unseren Mit\u00adglie\u00addern bieten wir im GFPM-Net\u00adz\u00ad\u00adwerk zahl\u00adreiche Ser\u00advices an. In unserem News\u00adletter werden aktu\u00adelle Aus\u00adschrei\u00adbungen, Stel\u00adlen\u00adan\u00adge\u00adbote oder Calls f\u00fcr natio\u00adnale und inter\u00adna\u00adtio\u00adnale Tagungen oder Publi\u00adka\u00adti\u00adons\u00adpro\u00adjekte kom\u00admu\u00adni\u00adziert. Ebenso&nbsp;\u2026<\/p>\n","protected":false},"author":1,"featured_media":0,"parent":0,"menu_order":0,"comment_status":"closed","ping_status":"closed","template":"","meta":{"inline_featured_image":false,"wp_typography_post_enhancements_disabled":false,"footnotes":""},"class_list":["post-2518","page","type-page","status-publish","hentry"],"yoast_head":"<!-- This site is optimized with the Yoast SEO plugin v26.7 - https:\/\/yoast.com\/wordpress\/plugins\/seo\/ -->\n<title>Mitglied werden - GFPM<\/title>\n<meta name=\"robots\" content=\"index, follow, max-snippet:-1, max-image-preview:large, max-video-preview:-1\" \/>\n<link rel=\"canonical\" href=\"http:\/\/wp.popularmusikforschung.de\/?page_id=2518\" \/>\n<meta property=\"og:locale\" content=\"de_DE\" \/>\n<meta property=\"og:type\" content=\"article\" \/>\n<meta property=\"og:title\" content=\"Mitglied werden - GFPM\" \/>\n<meta property=\"og:description\" content=\"STRUKTUR Mit\u00adglied werden Unseren Mit\u00adglie\u00addern bieten wir im GFPM-Netz\u00adwerk zahl\u00adreiche Ser\u00advices an. In unserem News\u00adletter werden aktu\u00adelle Aus\u00adschrei\u00adbungen, Stel\u00adlen\u00adan\u00adge\u00adbote oder Calls f\u00fcr natio\u00adnale und inter\u00adna\u00adtio\u00adnale Tagungen oder Publi\u00adka\u00adti\u00adons\u00adpro\u00adjekte kom\u00admu\u00adni\u00adziert. Ebenso ...\" \/>\n<meta property=\"og:url\" content=\"http:\/\/wp.popularmusikforschung.de\/?page_id=2518\" \/>\n<meta property=\"og:site_name\" content=\"GFPM\" \/>\n<meta property=\"article:publisher\" content=\"https:\/\/www.facebook.com\/search\/top?q=gfpmgesellschaftfrpopularmusikforschung\" \/>\n<meta property=\"article:modified_time\" content=\"2025-09-01T07:56:02+00:00\" \/>\n<meta property=\"og:image\" content=\"http:\/\/wp.popularmusikforschung.de\/wp-content\/uploads\/2021\/10\/mitgliedschaft_puzzel-1-e1634571119454.png\" \/>\n\t<meta property=\"og:image:width\" content=\"88\" \/>\n\t<meta property=\"og:image:height\" content=\"101\" \/>\n\t<meta property=\"og:image:type\" content=\"image\/png\" \/>\n<meta name=\"twitter:card\" content=\"summary_large_image\" \/>\n<meta name=\"twitter:label1\" content=\"Gesch\u00e4tzte Lesezeit\" \/>\n\t<meta name=\"twitter:data1\" content=\"1\u00a0Minute\" \/>\n<script type=\"application\/ld+json\" class=\"yoast-schema-graph\">{\"@context\":\"https:\/\/schema.org\",\"@graph\":[{\"@type\":\"WebPage\",\"@id\":\"http:\/\/wp.popularmusikforschung.de\/?page_id=2518\",\"url\":\"http:\/\/wp.popularmusikforschung.de\/?page_id=2518\",\"name\":\"Mitglied werden - GFPM\",\"isPartOf\":{\"@id\":\"http:\/\/wp.popularmusikforschung.de\/#website\"},\"primaryImageOfPage\":{\"@id\":\"http:\/\/wp.popularmusikforschung.de\/?page_id=2518#primaryimage\"},\"image\":{\"@id\":\"http:\/\/wp.popularmusikforschung.de\/?page_id=2518#primaryimage\"},\"thumbnailUrl\":\"http:\/\/wp.popularmusikforschung.de\/wp-content\/uploads\/2021\/10\/mitgliedschaft_puzzel-1-e1634571119454.png\",\"datePublished\":\"2021-01-10T17:53:26+00:00\",\"dateModified\":\"2025-09-01T07:56:02+00:00\",\"breadcrumb\":{\"@id\":\"http:\/\/wp.popularmusikforschung.de\/?page_id=2518#breadcrumb\"},\"inLanguage\":\"de\",\"potentialAction\":[{\"@type\":\"ReadAction\",\"target\":[\"http:\/\/wp.popularmusikforschung.de\/?page_id=2518\"]}]},{\"@type\":\"ImageObject\",\"inLanguage\":\"de\",\"@id\":\"http:\/\/wp.popularmusikforschung.de\/?page_id=2518#primaryimage\",\"url\":\"http:\/\/wp.popularmusikforschung.de\/wp-content\/uploads\/2021\/10\/mitgliedschaft_puzzel-1-e1634571119454.png\",\"contentUrl\":\"http:\/\/wp.popularmusikforschung.de\/wp-content\/uploads\/2021\/10\/mitgliedschaft_puzzel-1-e1634571119454.png\",\"width\":88,\"height\":101},{\"@type\":\"BreadcrumbList\",\"@id\":\"http:\/\/wp.popularmusikforschung.de\/?page_id=2518#breadcrumb\",\"itemListElement\":[{\"@type\":\"ListItem\",\"position\":1,\"name\":\"Startseite\",\"item\":\"http:\/\/wp.popularmusikforschung.de\/\"},{\"@type\":\"ListItem\",\"position\":2,\"name\":\"Mitglied werden\"}]},{\"@type\":\"WebSite\",\"@id\":\"http:\/\/wp.popularmusikforschung.de\/#website\",\"url\":\"http:\/\/wp.popularmusikforschung.de\/\",\"name\":\"GFPM\",\"description\":\"Gesellschaft f\u00fcr Popularmusikforschung\",\"publisher\":{\"@id\":\"http:\/\/wp.popularmusikforschung.de\/#organization\"},\"potentialAction\":[{\"@type\":\"SearchAction\",\"target\":{\"@type\":\"EntryPoint\",\"urlTemplate\":\"http:\/\/wp.popularmusikforschung.de\/?s={search_term_string}\"},\"query-input\":{\"@type\":\"PropertyValueSpecification\",\"valueRequired\":true,\"valueName\":\"search_term_string\"}}],\"inLanguage\":\"de\"},{\"@type\":\"Organization\",\"@id\":\"http:\/\/wp.popularmusikforschung.de\/#organization\",\"name\":\"Gesellschaft f\u00fcr Popularmusikforschung\",\"url\":\"http:\/\/wp.popularmusikforschung.de\/\",\"logo\":{\"@type\":\"ImageObject\",\"inLanguage\":\"de\",\"@id\":\"http:\/\/wp.popularmusikforschung.de\/#\/schema\/logo\/image\/\",\"url\":\"http:\/\/wp.popularmusikforschung.de\/wp-content\/uploads\/2021\/09\/GFPM_Logo_black_high.png\",\"contentUrl\":\"http:\/\/wp.popularmusikforschung.de\/wp-content\/uploads\/2021\/09\/GFPM_Logo_black_high.png\",\"width\":174,\"height\":155,\"caption\":\"Gesellschaft f\u00fcr Popularmusikforschung\"},\"image\":{\"@id\":\"http:\/\/wp.popularmusikforschung.de\/#\/schema\/logo\/image\/\"},\"sameAs\":[\"https:\/\/www.facebook.com\/search\/top?q=gfpmgesellschaftfrpopularmusikforschung\"]}]}<\/script>\n<!-- \/ Yoast SEO plugin. -->","yoast_head_json":{"title":"Mitglied werden - GFPM","robots":{"index":"index","follow":"follow","max-snippet":"max-snippet:-1","max-image-preview":"max-image-preview:large","max-video-preview":"max-video-preview:-1"},"canonical":"http:\/\/wp.popularmusikforschung.de\/?page_id=2518","og_locale":"de_DE","og_type":"article","og_title":"Mitglied werden - GFPM","og_description":"STRUKTUR Mit\u00adglied werden Unseren Mit\u00adglie\u00addern bieten wir im GFPM-Netz\u00adwerk zahl\u00adreiche Ser\u00advices an. In unserem News\u00adletter werden aktu\u00adelle Aus\u00adschrei\u00adbungen, Stel\u00adlen\u00adan\u00adge\u00adbote oder Calls f\u00fcr natio\u00adnale und inter\u00adna\u00adtio\u00adnale Tagungen oder Publi\u00adka\u00adti\u00adons\u00adpro\u00adjekte kom\u00admu\u00adni\u00adziert. Ebenso ...","og_url":"http:\/\/wp.popularmusikforschung.de\/?page_id=2518","og_site_name":"GFPM","article_publisher":"https:\/\/www.facebook.com\/search\/top?q=gfpmgesellschaftfrpopularmusikforschung","article_modified_time":"2025-09-01T07:56:02+00:00","og_image":[{"width":88,"height":101,"url":"http:\/\/wp.popularmusikforschung.de\/wp-content\/uploads\/2021\/10\/mitgliedschaft_puzzel-1-e1634571119454.png","type":"image\/png"}],"twitter_card":"summary_large_image","twitter_misc":{"Gesch\u00e4tzte Lesezeit":"1\u00a0Minute"},"schema":{"@context":"https:\/\/schema.org","@graph":[{"@type":"WebPage","@id":"http:\/\/wp.popularmusikforschung.de\/?page_id=2518","url":"http:\/\/wp.popularmusikforschung.de\/?page_id=2518","name":"Mitglied werden - GFPM","isPartOf":{"@id":"http:\/\/wp.popularmusikforschung.de\/#website"},"primaryImageOfPage":{"@id":"http:\/\/wp.popularmusikforschung.de\/?page_id=2518#primaryimage"},"image":{"@id":"http:\/\/wp.popularmusikforschung.de\/?page_id=2518#primaryimage"},"thumbnailUrl":"http:\/\/wp.popularmusikforschung.de\/wp-content\/uploads\/2021\/10\/mitgliedschaft_puzzel-1-e1634571119454.png","datePublished":"2021-01-10T17:53:26+00:00","dateModified":"2025-09-01T07:56:02+00:00","breadcrumb":{"@id":"http:\/\/wp.popularmusikforschung.de\/?page_id=2518#breadcrumb"},"inLanguage":"de","potentialAction":[{"@type":"ReadAction","target":["http:\/\/wp.popularmusikforschung.de\/?page_id=2518"]}]},{"@type":"ImageObject","inLanguage":"de","@id":"http:\/\/wp.popularmusikforschung.de\/?page_id=2518#primaryimage","url":"http:\/\/wp.popularmusikforschung.de\/wp-content\/uploads\/2021\/10\/mitgliedschaft_puzzel-1-e1634571119454.png","contentUrl":"http:\/\/wp.popularmusikforschung.de\/wp-content\/uploads\/2021\/10\/mitgliedschaft_puzzel-1-e1634571119454.png","width":88,"height":101},{"@type":"BreadcrumbList","@id":"http:\/\/wp.popularmusikforschung.de\/?page_id=2518#breadcrumb","itemListElement":[{"@type":"ListItem","position":1,"name":"Startseite","item":"http:\/\/wp.popularmusikforschung.de\/"},{"@type":"ListItem","position":2,"name":"Mitglied werden"}]},{"@type":"WebSite","@id":"http:\/\/wp.popularmusikforschung.de\/#website","url":"http:\/\/wp.popularmusikforschung.de\/","name":"GFPM","description":"Gesellschaft f\u00fcr Popularmusikforschung","publisher":{"@id":"http:\/\/wp.popularmusikforschung.de\/#organization"},"potentialAction":[{"@type":"SearchAction","target":{"@type":"EntryPoint","urlTemplate":"http:\/\/wp.popularmusikforschung.de\/?s={search_term_string}"},"query-input":{"@type":"PropertyValueSpecification","valueRequired":true,"valueName":"search_term_string"}}],"inLanguage":"de"},{"@type":"Organization","@id":"http:\/\/wp.popularmusikforschung.de\/#organization","name":"Gesellschaft f\u00fcr Popularmusikforschung","url":"http:\/\/wp.popularmusikforschung.de\/","logo":{"@type":"ImageObject","inLanguage":"de","@id":"http:\/\/wp.popularmusikforschung.de\/#\/schema\/logo\/image\/","url":"http:\/\/wp.popularmusikforschung.de\/wp-content\/uploads\/2021\/09\/GFPM_Logo_black_high.png","contentUrl":"http:\/\/wp.popularmusikforschung.de\/wp-content\/uploads\/2021\/09\/GFPM_Logo_black_high.png","width":174,"height":155,"caption":"Gesellschaft f\u00fcr Popularmusikforschung"},"image":{"@id":"http:\/\/wp.popularmusikforschung.de\/#\/schema\/logo\/image\/"},"sameAs":["https:\/\/www.facebook.com\/search\/top?q=gfpmgesellschaftfrpopularmusikforschung"]}]}},"_links":{"self":[{"href":"http:\/\/wp.popularmusikforschung.de\/index.php?rest_route=\/wp\/v2\/pages\/2518","targetHints":{"allow":["GET"]}}],"collection":[{"href":"http:\/\/wp.popularmusikforschung.de\/index.php?rest_route=\/wp\/v2\/pages"}],"about":[{"href":"http:\/\/wp.popularmusikforschung.de\/index.php?rest_route=\/wp\/v2\/types\/page"}],"author":[{"embeddable":true,"href":"http:\/\/wp.popularmusikforschung.de\/index.php?rest_route=\/wp\/v2\/users\/1"}],"replies":[{"embeddable":true,"href":"http:\/\/wp.popularmusikforschung.de\/index.php?rest_route=%2Fwp%2Fv2%2Fcomments&post=2518"}],"version-history":[{"count":38,"href":"http:\/\/wp.popularmusikforschung.de\/index.php?rest_route=\/wp\/v2\/pages\/2518\/revisions"}],"predecessor-version":[{"id":6391,"href":"http:\/\/wp.popularmusikforschung.de\/index.php?rest_route=\/wp\/v2\/pages\/2518\/revisions\/6391"}],"wp:attachment":[{"href":"http:\/\/wp.popularmusikforschung.de\/index.php?rest_route=%2Fwp%2Fv2%2Fmedia&parent=2518"}],"curies":[{"name":"wp","href":"https:\/\/api.w.org\/{rel}","templated":true}]}}